{"id":108,"date":"2024-04-12T10:07:43","date_gmt":"2024-04-12T10:07:43","guid":{"rendered":"https:\/\/wstronejutra.pl\/?page_id=108"},"modified":"2024-06-19T13:49:24","modified_gmt":"2024-06-19T13:49:24","slug":"kontakt","status":"publish","type":"page","link":"https:\/\/wstronejutra.pl\/index.php\/kontakt\/","title":{"rendered":"Kontakt"},"content":{"rendered":"\n<div class=\"wp-block-columns is-layout-flex wp-container-core-columns-is-layout-28f84493 wp-block-columns-is-layout-flex\">\n<div class=\"wp-block-column is-layout-flow wp-block-column-is-layout-flow\" style=\"flex-basis:100%\">\n<div class=\"wp-block-group is-layout-constrained wp-block-group-is-layout-constrained\">\n<div id=\"wp-block-themeisle-blocks-form-30ad11e4\" class=\"wp-block-themeisle-blocks-form\" data-option-name=\"bf9b28ff82ce323187abc5d0feb0d8f07ecd8436_30ad11e4\"><form class=\"otter-form__container\">\n<div id=\"wp-block-themeisle-blocks-form-input-19189676\" class=\"wp-block-themeisle-blocks-form-input is-style-o-c-three-quarters\"><label for=\"wp-block-themeisle-blocks-form-input-19189676-input\" class=\"otter-form-input-label\"><span class=\"otter-form-input-label__label\">Imi\u0119 i nazwisko<\/span><span class=\"required\">*<\/span><\/label><input type=\"text\" id=\"wp-block-themeisle-blocks-form-input-19189676-input\" required class=\"otter-form-input\"\/><\/div>\n\n\n\n<div id=\"wp-block-themeisle-blocks-form-input-f676dec4\" class=\"wp-block-themeisle-blocks-form-input is-style-o-c-three-quarters\"><label for=\"wp-block-themeisle-blocks-form-input-f676dec4-input\" class=\"otter-form-input-label\"><span class=\"otter-form-input-label__label\">Adres e-mail<\/span><span class=\"required\">*<\/span><\/label><input type=\"email\" id=\"wp-block-themeisle-blocks-form-input-f676dec4-input\" required class=\"otter-form-input\"\/><\/div>\n\n\n<div class=\"protection\" aria-hidden=\"true\"><input type=\"hidden\" id=\"wp-block-themeisle-blocks-form-30ad11e4_nonce_field\" name=\"wp-block-themeisle-blocks-form-30ad11e4_nonce_field\" value=\"354828fba6\" \/><input type=\"hidden\" name=\"_wp_http_referer\" value=\"\/index.php\/wp-json\/wp\/v2\/pages\/108\" \/><input class=\"o-anti-bot\" type=\"checkbox\"><\/div>\n\n\n<div id=\"wp-block-themeisle-blocks-form-textarea-e6e7c42a\" class=\"wp-block-themeisle-blocks-form-textarea is-style-o-c-three-quarters\"><label for=\"wp-block-themeisle-blocks-form-textarea-e6e7c42a-input\" class=\"otter-form-textarea-label\"><span class=\"otter-form-textarea-label__label\">Wiadomo\u015b\u0107<\/span><\/label><textarea id=\"wp-block-themeisle-blocks-form-textarea-e6e7c42a-input\" rows=\"10\" class=\"otter-form-textarea-input\"><\/textarea><\/div>\n\n\n\n<p style=\"font-size:12px;font-style:normal;font-weight:200\"><\/p>\n<div class=\"wp-block-button left\"><button class=\"wp-block-button__link\" type=\"submit\">Wy\u015blij<\/button><\/div><\/form><\/div>\n<\/div>\n<\/div>\n<\/div>\n\n\n<div style=\"height:400px\" class=\"wp-block-themeisle-blocks-google-map\" id=\"wp-block-themeisle-blocks-google-map-ad3ad7fe\"><\/div>\n<script type=\"text\/javascript\">\n\t\/* <![CDATA[ *\/\n\t\tif ( ! window.themeisleGoogleMaps ) window.themeisleGoogleMaps =[];\n\t\twindow.themeisleGoogleMaps.push( { container: \"wp-block-themeisle-blocks-google-map-ad3ad7fe\", attributes: {\"id\":\"wp-block-themeisle-blocks-google-map-ad3ad7fe\",\"location\":\"Targowa 82, 03-727 Warszawa, Polska\",\"latitude\":\"52.2566797\",\"longitude\":\"21.0340342\",\"zoom\":16,\"markers\":[{\"id\":\"3c181f8b-ec7c-4330-92fa-c315de92d063\",\"location\":\"Targowa 82, 03-727 Warszawa, Polska\",\"title\":\"Custom Marker\",\"icon\":\"https:\\\/\\\/maps.google.com\\\/mapfiles\\\/ms\\\/icons\\\/red-dot.png\",\"description\":\"\",\"latitude\":52.2566797,\"longitude\":21.0340342}],\"style\":\"standard\",\"type\":\"roadmap\",\"height\":\"400px\",\"draggable\":true,\"mapTypeControl\":true,\"zoomControl\":true,\"fullscreenControl\":true,\"streetViewControl\":true,\"hasCustomCSS\":false,\"customCSS\":\"\",\"otterConditions\":[]} } );\n\t\/* ]]> *\/\n<\/script>\n\n\n\n<p style=\"font-size:12px\"><strong>Polityka Prywatno\u015bci Fundacji W stron\u0119 jutra<\/strong><br><br>Wykorzystujemy Twoje&nbsp;dane osobowe, kt\u00f3re poda\u0142a\u015b\/e\u015b kontaktuj\u0105c si\u0119 z&nbsp;nami (w&nbsp;szczeg\u00f3lno\u015bci imi\u0119, nazwisko, adres e-mail oraz&nbsp;inne dane, kt\u00f3re poda\u0142a\u015b\/e\u015b w&nbsp;tre\u015bci wiadomo\u015bci). Podanie tych danych osobowych jest konieczne, aby m\u00f3c nawi\u0105za\u0107 kontakt.<br><br>Wykorzystujemy ww. dane osobowe w&nbsp;celu udzielenia odpowiedzi na&nbsp;przes\u0142ane przez&nbsp;Ciebie zapytanie. Dzia\u0142amy w&nbsp;oparciu o&nbsp;nasz uzasadniony interes, polegaj\u0105cy na&nbsp;zapewnieniu kontaktu. (art. 6 ust.1 lit. f&nbsp;RODO). Dane osobowe b\u0119d\u0105 przetwarzane przez&nbsp;Administratora przez&nbsp;okres 5 lat, a&nbsp;nast\u0119pnie niezb\u0119dno\u015b\u0107 danych zostanie poddana weryfikacji i&nbsp;ewentualnemu usuni\u0119ciu.<br><br>Dane nie&nbsp;pochodz\u0105 od&nbsp;stron trzecich.<br><br>Administrator nie&nbsp;przewiduje zautomatyzowanego podejmowania decyzji.&nbsp;<br><br>Administratorem danych osobowych jest&nbsp;<strong>Fundacja W stron\u0119 jutra<\/strong>&nbsp;(dalej: \u201eADMINISTRATOR\u201d), z&nbsp;siedzib\u0105: Targowa 82, 03-448 Warszawa. <br>Z&nbsp;Administratorem mo\u017cna si\u0119 kontaktowa\u0107 pisemnie, za&nbsp;pomoc\u0105 poczty tradycyjnej na&nbsp;adres: Targowa 82, 03-448 Warszawa lub drog\u0105 e-mailow\u0105 pod&nbsp;adresem: fundacja@wstronejutra.pl<br><br><strong>Podstawa prawna<\/strong><br><br>Dane osobowe s\u0105&nbsp;przetwarzane na&nbsp;podstawie Rozporz\u0105dzenia Parlamentu Europejskiego i&nbsp;Rady (UE) 2016\/679 z&nbsp;dnia 27 kwietnia 2016&nbsp;r. w&nbsp;sprawie ochrony os\u00f3b fizycznych w&nbsp;zwi\u0105zku z&nbsp;przetwarzaniem danych osobowych i&nbsp;w&nbsp;sprawie swobodnego przep\u0142ywu takich danych oraz&nbsp;uchylenia dyrektywy 95\/46\/WE (og\u00f3lne rozporz\u0105dzenie o&nbsp;ochronie danych).<\/p>\n","protected":false},"excerpt":{"rendered":"<p>Polityka Prywatno\u015bci Fundacji W stron\u0119 jutra Wykorzystujemy Twoje&nbsp;dane osobowe, kt\u00f3re poda\u0142a\u015b\/e\u015b kontaktuj\u0105c si\u0119 z&nbsp;nami (w&nbsp;szczeg\u00f3lno\u015bci imi\u0119, nazwisko, adres e-mail oraz&nbsp;inne dane, kt\u00f3re poda\u0142a\u015b\/e\u015b w&nbsp;tre\u015bci wiadomo\u015bci). Podanie tych danych osobowych jest konieczne, aby m\u00f3c nawi\u0105za\u0107 kontakt. Wykorzystujemy ww. dane osobowe w&nbsp;celu udzielenia odpowiedzi na&nbsp;przes\u0142ane przez&nbsp;Ciebie zapytanie. Dzia\u0142amy w&nbsp;oparciu o&nbsp;nasz uzasadniony interes, polegaj\u0105cy na&nbsp;zapewnieniu kontaktu. (art. 6 [&hellip;]<\/p>\n","protected":false},"author":1,"featured_media":0,"parent":0,"menu_order":0,"comment_status":"closed","ping_status":"closed","template":"","meta":{"_themeisle_gutenberg_block_has_review":false,"footnotes":""},"class_list":["post-108","page","type-page","status-publish","hentry"],"_links":{"self":[{"href":"https:\/\/wstronejutra.pl\/index.php\/wp-json\/wp\/v2\/pages\/108","targetHints":{"allow":["GET"]}}],"collection":[{"href":"https:\/\/wstronejutra.pl\/index.php\/wp-json\/wp\/v2\/pages"}],"about":[{"href":"https:\/\/wstronejutra.pl\/index.php\/wp-json\/wp\/v2\/types\/page"}],"author":[{"embeddable":true,"href":"https:\/\/wstronejutra.pl\/index.php\/wp-json\/wp\/v2\/users\/1"}],"replies":[{"embeddable":true,"href":"https:\/\/wstronejutra.pl\/index.php\/wp-json\/wp\/v2\/comments?post=108"}],"version-history":[{"count":11,"href":"https:\/\/wstronejutra.pl\/index.php\/wp-json\/wp\/v2\/pages\/108\/revisions"}],"predecessor-version":[{"id":166,"href":"https:\/\/wstronejutra.pl\/index.php\/wp-json\/wp\/v2\/pages\/108\/revisions\/166"}],"wp:attachment":[{"href":"https:\/\/wstronejutra.pl\/index.php\/wp-json\/wp\/v2\/media?parent=108"}],"curies":[{"name":"wp","href":"https:\/\/api.w.org\/{rel}","templated":true}]}}