{"id":116,"date":"2024-04-12T10:42:07","date_gmt":"2024-04-12T10:42:07","guid":{"rendered":"https:\/\/wstronejutra.pl\/?page_id=116"},"modified":"2024-08-14T20:45:33","modified_gmt":"2024-08-14T20:45:33","slug":"stowarzyszenie-otwarte-drzwi","status":"publish","type":"page","link":"https:\/\/wstronejutra.pl\/index.php\/stowarzyszenie-otwarte-drzwi\/","title":{"rendered":""},"content":{"rendered":"\n<figure class=\"wp-block-image aligncenter\"><a href=\"https:\/\/otwartedrzwi.pl\/\"><img loading=\"lazy\" decoding=\"async\" width=\"2560\" height=\"473\" src=\"http:\/\/wstronejutra.pl\/wp-content\/uploads\/2024\/04\/NOWE-LOGO-SOD-edited-scaled-e1722596700909.jpg\" alt=\"\" class=\"wp-image-118\" srcset=\"https:\/\/wstronejutra.pl\/wp-content\/uploads\/2024\/04\/NOWE-LOGO-SOD-edited-scaled-e1722596700909.jpg 2560w, https:\/\/wstronejutra.pl\/wp-content\/uploads\/2024\/04\/NOWE-LOGO-SOD-edited-scaled-e1722596700909-300x55.jpg 300w, https:\/\/wstronejutra.pl\/wp-content\/uploads\/2024\/04\/NOWE-LOGO-SOD-edited-scaled-e1722596700909-1024x189.jpg 1024w, https:\/\/wstronejutra.pl\/wp-content\/uploads\/2024\/04\/NOWE-LOGO-SOD-edited-scaled-e1722596700909-768x142.jpg 768w, https:\/\/wstronejutra.pl\/wp-content\/uploads\/2024\/04\/NOWE-LOGO-SOD-edited-scaled-e1722596700909-1536x284.jpg 1536w, https:\/\/wstronejutra.pl\/wp-content\/uploads\/2024\/04\/NOWE-LOGO-SOD-edited-scaled-e1722596700909-2048x378.jpg 2048w\" sizes=\"auto, (max-width: 2560px) 100vw, 2560px\" \/><\/a><\/figure>\n\n\n\n<p><strong>Stowarzyszenie Otwarte Drzwi &#8211; fundator Fundacji W stron\u0119 jutra.<\/strong><\/p>\n\n\n\n<p class=\"has-text-color has-link-color wp-elements-7faa7dafca5d62fb9cd8d9e885064651\" style=\"color:#223b3d;font-size:20px\">Stowarzyszenie Otwarte Drzwi to warszawska organizacja po\u017cytku publicznego dzia\u0142aj\u0105ca od 1995 roku na rzecz os\u00f3b zagro\u017conych wykluczeniem spo\u0142ecznym: dzieci i m\u0142odzie\u017cy ze \u015brodowisk dysfunkcyjnych, os\u00f3b z niepe\u0142nosprawno\u015bci\u0105, bezdomnych, bezrobotnych, dotkni\u0119tych ub\u00f3stwem. <\/p>\n\n\n\n<p class=\"has-text-color has-link-color wp-elements-30c166f6fd0baa2acff411ebfb3ef8ae\" style=\"color:#223b3d;font-size:20px\">W dotychczasowej dzia\u0142alno\u015bci wspar\u0142a oko\u0142o 100 tysi\u0119cy os\u00f3b. <\/p>\n\n\n\n<p class=\"has-text-color has-link-color wp-elements-dc4e62ee1ebc93045c6ad85a96533b2d\" style=\"color:#223b3d;font-size:20px\">Wyr\u00f3\u017cnia si\u0119 kompleksowym, interdyscyplinarnym i dynamicznym charakterem dzia\u0142a\u0144, nowatorstwem i otwarto\u015bci\u0105, a nade wszystko podmiotowym podej\u015bciem do os\u00f3b wspieranych \u2013 staj\u0105 si\u0119 one partnerami realizowanych przedsi\u0119wzi\u0119\u0107 na rzecz w\u0142asn\u0105 i innych \u015brodowisk. <\/p>\n\n\n\n<p class=\"has-text-color has-link-color wp-elements-c877b6d70da6247c43e558785c54c151\" style=\"color:#223b3d;font-size:20px\">SOD wsp\u00f3\u0142pracuje ze \u015brodowiskiem naukowym, rz\u0105dowym, samorz\u0105dowym, pozarz\u0105dowym, biznesowym i mi\u0119dzynarodowym. W realizacji zda\u0144 statutowych SOD wsp\u00f3\u0142dzia\u0142a z resortem zdrowia, pomocy spo\u0142ecznej, edukacji i zatrudnienia, dzi\u0119ki czemu wyr\u00f3\u017cnia si\u0119 wysok\u0105 efektywno\u015bci\u0105 i jako\u015bci\u0105 realizowanych program\u00f3w i projekt\u00f3w. <\/p>\n\n\n\n<p class=\"has-text-color has-link-color wp-elements-0e0fd9c6d696430d0d7742af272849a3\" style=\"color:#223b3d;font-size:20px\">Uczestniczy w kreowaniu polityki spo\u0142ecznej poprzez aktywno\u015b\u0107 w inicjatywach na poziomie rz\u0105dowym, samorz\u0105dowym i obywatelskim. Wzmacnia i inspiruje lokalne \u015brodowiska do rozwi\u0105zywania w\u0142asnych problem\u00f3w w celu budowania solidarno\u015bci i wsp\u00f3\u0142odpowiedzialno\u015bci obywatelskiej z grupami zagro\u017conymi marginalizacj\u0105. Podejmuje problemy pozostaj\u0105ce poza optyk\u0105 i dzia\u0142aniem w\u0142adz oraz \u201etematy tabu\u201d utrwalaj\u0105ce stereotypy spo\u0142eczne i zjawisko wykluczenia. <\/p>\n\n\n\n<p class=\"has-text-color has-link-color wp-elements-a55848bc427b92f884952a62d9dd34f1\" style=\"color:#223b3d;font-size:20px\">Realizuje projekty na rzecz integracji, wymiany do\u015bwiadcze\u0144 i tworzenia partnerstw pomi\u0119dzy organizacjami pozarz\u0105dowymi i samorz\u0105dem. Wsp\u00f3\u0142pracuje z partnerami mi\u0119dzynarodowymi (wizyty studyjne, praktyki, konferencje).<br><\/p>\n\n\n\n<div id=\"wp-block-themeisle-blocks-advanced-columns-88357565\" class=\"wp-block-themeisle-blocks-advanced-columns alignfull has-2-columns has-desktop-equal-layout has-tablet-equal-layout has-mobile-collapsedRows-layout has-vertical-center ticss-c00aadba has-light-bg\"><div class=\"wp-block-themeisle-blocks-advanced-columns-overlay\"><\/div><div class=\"innerblocks-wrap\">\n<div id=\"wp-block-themeisle-blocks-advanced-column-65377dfd\" class=\"wp-block-themeisle-blocks-advanced-column\">\n<figure class=\"wp-block-image aligncenter size-full is-resized has-custom-border is-style-rounded\"><img loading=\"lazy\" decoding=\"async\" width=\"1080\" height=\"1080\" src=\"http:\/\/wstronejutra.pl\/wp-content\/uploads\/2024\/08\/2.png\" alt=\"\" class=\"wp-image-486\" style=\"border-width:1px;width:270px;height:271px\" srcset=\"https:\/\/wstronejutra.pl\/wp-content\/uploads\/2024\/08\/2.png 1080w, https:\/\/wstronejutra.pl\/wp-content\/uploads\/2024\/08\/2-300x300.png 300w, https:\/\/wstronejutra.pl\/wp-content\/uploads\/2024\/08\/2-1024x1024.png 1024w, https:\/\/wstronejutra.pl\/wp-content\/uploads\/2024\/08\/2-150x150.png 150w, https:\/\/wstronejutra.pl\/wp-content\/uploads\/2024\/08\/2-768x768.png 768w\" sizes=\"auto, (max-width: 1080px) 100vw, 1080px\" \/><\/figure>\n<\/div>\n\n\n\n<div id=\"wp-block-themeisle-blocks-advanced-column-ccb43057\" class=\"wp-block-themeisle-blocks-advanced-column\">\n<p id=\"wp-block-themeisle-blocks-advanced-heading-37339a78\" class=\"wp-block-themeisle-blocks-advanced-heading wp-block-themeisle-blocks-advanced-heading-37339a78\"><strong>Marta Perkowska<\/strong><\/p>\n\n\n\n<h4 id=\"wp-block-themeisle-blocks-advanced-heading-fa0dd853\" class=\"wp-block-themeisle-blocks-advanced-heading wp-block-themeisle-blocks-advanced-heading-fa0dd853\">Prezeska Stowarzyszenia Otwarte Drzwi. <\/h4>\n\n\n\n<p class=\"has-ti-bg-color has-text-color has-link-color wp-elements-374764283187d1a741afe0cb694c90aa\" style=\"font-size:20px\">Ze \u015brodowiskiem NGO zwi\u0105zana od 16 lat. Andragog specjalny, menad\u017cerka, spo\u0142ecznik z potrzeby serca. Wsp\u00f3\u0142autorka i realizatorka projekt\u00f3w z zakresu rehabilitacji spo\u0142ecznej i zawodowej os\u00f3b z niepe\u0142nosprawno\u015bciami. Kierowniczka plac\u00f3wek rehabilitacyjnych. Wsp\u00f3\u0142autorka standard\u00f3w mieszkalnictwa wspomaganego dla OzN, aktywizacji zawodowej OzN i wsp\u00f3\u0142pracy ze \u015brodowiskiem lokalnym.&nbsp;<br><br>Przewodnicz\u0105ca Rady Nadzorczej Fundacji W stron\u0119 jutra.<\/p>\n<\/div>\n<\/div><\/div>\n","protected":false},"excerpt":{"rendered":"<p>Stowarzyszenie Otwarte Drzwi &#8211; fundator Fundacji W stron\u0119 jutra. Stowarzyszenie Otwarte Drzwi to warszawska organizacja po\u017cytku publicznego dzia\u0142aj\u0105ca od 1995 roku na rzecz os\u00f3b zagro\u017conych wykluczeniem spo\u0142ecznym: dzieci i m\u0142odzie\u017cy ze \u015brodowisk dysfunkcyjnych, os\u00f3b z niepe\u0142nosprawno\u015bci\u0105, bezdomnych, bezrobotnych, dotkni\u0119tych ub\u00f3stwem. W dotychczasowej dzia\u0142alno\u015bci wspar\u0142a oko\u0142o 100 tysi\u0119cy os\u00f3b. Wyr\u00f3\u017cnia si\u0119 kompleksowym, interdyscyplinarnym i dynamicznym charakterem [&hellip;]<\/p>\n","protected":false},"author":1,"featured_media":0,"parent":0,"menu_order":0,"comment_status":"closed","ping_status":"closed","template":"","meta":{"_themeisle_gutenberg_block_has_review":false,"footnotes":""},"class_list":["post-116","page","type-page","status-publish","hentry"],"_links":{"self":[{"href":"https:\/\/wstronejutra.pl\/index.php\/wp-json\/wp\/v2\/pages\/116","targetHints":{"allow":["GET"]}}],"collection":[{"href":"https:\/\/wstronejutra.pl\/index.php\/wp-json\/wp\/v2\/pages"}],"about":[{"href":"https:\/\/wstronejutra.pl\/index.php\/wp-json\/wp\/v2\/types\/page"}],"author":[{"embeddable":true,"href":"https:\/\/wstronejutra.pl\/index.php\/wp-json\/wp\/v2\/users\/1"}],"replies":[{"embeddable":true,"href":"https:\/\/wstronejutra.pl\/index.php\/wp-json\/wp\/v2\/comments?post=116"}],"version-history":[{"count":9,"href":"https:\/\/wstronejutra.pl\/index.php\/wp-json\/wp\/v2\/pages\/116\/revisions"}],"predecessor-version":[{"id":489,"href":"https:\/\/wstronejutra.pl\/index.php\/wp-json\/wp\/v2\/pages\/116\/revisions\/489"}],"wp:attachment":[{"href":"https:\/\/wstronejutra.pl\/index.php\/wp-json\/wp\/v2\/media?parent=116"}],"curies":[{"name":"wp","href":"https:\/\/api.w.org\/{rel}","templated":true}]}}