{"id":175,"date":"2024-06-21T10:21:29","date_gmt":"2024-06-21T10:21:29","guid":{"rendered":"https:\/\/wstronejutra.pl\/?page_id=175"},"modified":"2024-08-02T13:51:52","modified_gmt":"2024-08-02T13:51:52","slug":"indywidualny-plan-zabezpieczenia-prawno-finansowego","status":"publish","type":"page","link":"https:\/\/wstronejutra.pl\/index.php\/indywidualny-plan-zabezpieczenia-prawno-finansowego\/","title":{"rendered":""},"content":{"rendered":"\n<blockquote class=\"wp-block-quote is-layout-flow wp-block-quote-is-layout-flow\"><\/blockquote>\n\n\n\n<h2 class=\"wp-block-heading\"><strong>Indywidualny Plan Zabezpieczenia Prawno-Finansowego to dokument sk\u0142adaj\u0105cy si\u0119 z czterech cz\u0119\u015bci:<\/strong><\/h2>\n\n\n\n<div id=\"wp-block-themeisle-blocks-advanced-columns-3a632c5b\" class=\"wp-block-themeisle-blocks-advanced-columns alignfull has-3-columns has-desktop-equal-layout has-tablet-equal-layout has-mobile-collapsedRows-layout has-vertical-top ticss-c00aadba\"><div class=\"wp-block-themeisle-blocks-advanced-columns-overlay\"><\/div><div class=\"innerblocks-wrap\">\n<div id=\"wp-block-themeisle-blocks-advanced-column-1afaade9\" class=\"wp-block-themeisle-blocks-advanced-column\">\n<figure class=\"wp-block-image aligncenter size-full is-resized is-style-rounded\"><img loading=\"lazy\" decoding=\"async\" width=\"1080\" height=\"1080\" src=\"http:\/\/wstronejutra.pl\/wp-content\/uploads\/2024\/04\/1-1.png\" alt=\"\" class=\"wp-image-340\" style=\"width:336px;height:auto\" srcset=\"https:\/\/wstronejutra.pl\/wp-content\/uploads\/2024\/04\/1-1.png 1080w, https:\/\/wstronejutra.pl\/wp-content\/uploads\/2024\/04\/1-1-300x300.png 300w, https:\/\/wstronejutra.pl\/wp-content\/uploads\/2024\/04\/1-1-1024x1024.png 1024w, https:\/\/wstronejutra.pl\/wp-content\/uploads\/2024\/04\/1-1-150x150.png 150w, https:\/\/wstronejutra.pl\/wp-content\/uploads\/2024\/04\/1-1-768x768.png 768w\" sizes=\"auto, (max-width: 1080px) 100vw, 1080px\" \/><\/figure>\n<\/div>\n\n\n\n<div id=\"wp-block-themeisle-blocks-advanced-column-7ca824fc\" class=\"wp-block-themeisle-blocks-advanced-column\">\n<div class=\"wp-block-group is-layout-flow wp-block-group-is-layout-flow\">\n<div class=\"wp-block-group is-layout-constrained wp-block-group-is-layout-constrained\">\n<h3 id=\"wp-block-themeisle-blocks-advanced-heading-bb84b8a8\" class=\"wp-block-themeisle-blocks-advanced-heading wp-block-themeisle-blocks-advanced-heading-bb84b8a8\">CZ\u0118\u015a\u0106 I<br>Kwestionariusz wywiadu stanowi\u0105cy element opracowania IPZPF<\/h3>\n\n\n\n<p class=\"has-text-align-left has-text-color has-link-color wp-elements-d73ea21a2a5ee267c00bb6a9cf1277cc\" style=\"color:#223b3d;font-size:20px\">Zebranie danych osobowych, informacji o sytuacji zdrowotnej, rehabilitacji spo\u0142ecznej i zawodowej, sytuacji rodzinnej i mieszkaniowej, ocena funkcjonalna<\/p>\n<\/div>\n\n\n\n<hr class=\"wp-block-separator has-text-color has-alpha-channel-opacity has-background is-style-default\" style=\"margin-top:var(--wp--preset--spacing--40);margin-bottom:var(--wp--preset--spacing--40);background-color:#26777d;color:#26777d\"\/>\n\n\n\n<div class=\"wp-block-group is-layout-flow wp-block-group-is-layout-flow\">\n<div class=\"wp-block-group is-layout-constrained wp-block-group-is-layout-constrained\">\n<h3 id=\"wp-block-themeisle-blocks-advanced-heading-29da5aa9\" class=\"wp-block-themeisle-blocks-advanced-heading wp-block-themeisle-blocks-advanced-heading-29da5aa9\">CZ\u0118\u015a\u0106 III<br>Aktualne i perspektywiczne zasoby finansowe i ich prawne umocowanie<\/h3>\n\n\n\n<p class=\"has-text-align-left has-text-color has-link-color wp-elements-e2567bb46411b7c2772a53cff817355e\" style=\"color:#223b3d;font-size:20px\">Stan prawny OzN oraz aktualnie posiadany stan maj\u0105tkowy (nieruchomo\u015bci, oszcz\u0119dno\u015bci, lokaty itp.), w tym zabezpieczenie prawne (np. testament)<\/p>\n<\/div>\n<\/div>\n<\/div>\n<\/div>\n\n\n\n<div id=\"wp-block-themeisle-blocks-advanced-column-1a6a4a66\" class=\"wp-block-themeisle-blocks-advanced-column\">\n<div class=\"wp-block-group is-layout-flow wp-block-group-is-layout-flow\">\n<div class=\"wp-block-group is-layout-constrained wp-block-group-is-layout-constrained\">\n<h3 id=\"wp-block-themeisle-blocks-advanced-heading-4ded88e0\" class=\"wp-block-themeisle-blocks-advanced-heading wp-block-themeisle-blocks-advanced-heading-4ded88e0\">CZ\u0118\u015a\u0106 II<br>Istotne elementy zabezpieczenia <br>\u017cyciowego OzN<\/h3>\n\n\n\n<p class=\"has-text-align-left has-text-color has-link-color wp-elements-311e209302854a05b0bc3a8164e00c66\" style=\"color:#223b3d;font-size:20px\">Ocena cz\u0142onk\u00f3w rodzin OzN w oparciu o wiedz\u0119 specjalist\u00f3w wspieraj\u0105cych: charakterystyka OzN, <br>aktualny i perspektywistyczny system wsparcia<\/p>\n<\/div>\n\n\n\n<hr class=\"wp-block-separator has-text-color has-alpha-channel-opacity has-background\" style=\"margin-top:var(--wp--preset--spacing--20);margin-bottom:var(--wp--preset--spacing--20);background-color:#26777d;color:#26777d\"\/>\n\n\n\n<div class=\"wp-block-group is-layout-flow wp-block-group-is-layout-flow\">\n<div class=\"wp-block-group is-layout-constrained wp-block-group-is-layout-constrained\">\n<h3 id=\"wp-block-themeisle-blocks-advanced-heading-b45a7c51\" class=\"wp-block-themeisle-blocks-advanced-heading wp-block-themeisle-blocks-advanced-heading-b45a7c51\">CZ\u0118\u015a\u0106 IV<br>IPZPF opracowany w oparciu <br>o cz\u0119\u015b\u0107 I, II, III<\/h3>\n\n\n\n<p class=\"has-text-align-left has-text-color has-link-color wp-elements-2ee653a9c5a4f96c12b4d05542564e39\" style=\"color:#223b3d;font-size:20px\">Cele operacyjne w kontek\u015bcie&nbsp; zdiagnozowanych element\u00f3w zabezpieczenia \u017cyciowego OzN oraz scenariusze wsparcia wraz z planem niezb\u0119dnych dzia\u0142a\u0144<\/p>\n<\/div>\n<\/div>\n<\/div>\n<\/div>\n<\/div><\/div>\n\n\n\n<p class=\"has-medium-font-size\"><strong>Opracowanie z rodzicem \/ opiekunem OzN planu dzia\u0142ania, uwzgl\u0119dniaj\u0105cego:<\/strong><\/p>\n\n\n\n<p class=\"has-text-color has-link-color wp-elements-9e4e6a05a35d3bf2aefcc348b3c6b1d8\" style=\"color:#223b3d;font-size:20px\">status oraz mo\u017cliwo\u015bci finansowe darczy\u0144cy,<br>diagnoz\u0119 potrzeb materialnych i pozamaterialnych niezb\u0119dnych do prawid\u0142owego funkcjonowania OzN (zbadanie koszt\u00f3w utrzymania, rehabilitacji, lekarstw, innych niezb\u0119dnych potrzeb),<br>konsultacje z odpowiednimi specjalistami (typu finansista, ekonomista, doradca ds. nieruchomo\u015bci, prawnik) dla ustalenia optymalnych kierunk\u00f3w zarz\u0105dzania aktywami, tj. zabezpieczenia materialnego i prawnego podopiecznego Fundacji,<br>zapoznanie podopiecznego Fundacji z wypracowanym z rodzin\u0105 Planu, zebranie jego opinii oraz zaakceptowanie ostatecznej formy Planu.<\/p>\n\n\n\n<p><strong>Realizacja Planu:<\/strong><\/p>\n\n\n\n<p class=\"has-text-color has-link-color wp-elements-7d0a40d39908b3638d42b9101b8f9a7c\" style=\"color:#223b3d;font-size:20px\">Do momentu sprawowania bezpo\u015bredniej opieki przez rodzica \/opiekuna rola Fundacji ogranicza si\u0119 do doradztwa oraz realizacji wsp\u00f3lnie uzgodnionych dzia\u0142a\u0144, b\u0119d\u0105cych przygotowaniem do przej\u0119cia zarz\u0105du przekazanym maj\u0105tkiem (tj. do podj\u0119cia decyzji rodziny o niemo\u017cno\u015bci sprawowania dalszej opieki nad podopiecznym Fundacji).<\/p>\n\n\n\n<p><strong>Przeniesienie w\u0142asno\u015bci \/ zarz\u0105du uzgodnionych aktyw\u00f3w:<\/strong><\/p>\n\n\n\n<p class=\"has-text-color has-link-color wp-elements-43a7c31a8563137995bb2e7c1b90c106\" style=\"color:#223b3d;font-size:20px\">Z chwil\u0105 przej\u0119cia przez Fundacj\u0119 w\u0142asno\u015bci (poprzez darowizn\u0119) lub zarz\u0105du (wskutek umowy do\u017cywocia) rodziny (nieruchomo\u015b\u0107, \u015brodki pieni\u0119\u017cne, obligacje itd.) rozpoczyna si\u0119 proces wydajnego zarz\u0105dzania nimi oraz przej\u0119cie pe\u0142nej opieki nad podopiecznym.<\/p>\n","protected":false},"excerpt":{"rendered":"<p>Indywidualny Plan Zabezpieczenia Prawno-Finansowego to dokument sk\u0142adaj\u0105cy si\u0119 z czterech cz\u0119\u015bci: Opracowanie z rodzicem \/ opiekunem OzN planu dzia\u0142ania, uwzgl\u0119dniaj\u0105cego: status oraz mo\u017cliwo\u015bci finansowe darczy\u0144cy,diagnoz\u0119 potrzeb materialnych i pozamaterialnych niezb\u0119dnych do prawid\u0142owego funkcjonowania OzN (zbadanie koszt\u00f3w utrzymania, rehabilitacji, lekarstw, innych niezb\u0119dnych potrzeb),konsultacje z odpowiednimi specjalistami (typu finansista, ekonomista, doradca ds. nieruchomo\u015bci, prawnik) dla ustalenia optymalnych [&hellip;]<\/p>\n","protected":false},"author":1,"featured_media":0,"parent":0,"menu_order":0,"comment_status":"closed","ping_status":"closed","template":"","meta":{"_themeisle_gutenberg_block_has_review":false,"footnotes":""},"class_list":["post-175","page","type-page","status-publish","hentry"],"_links":{"self":[{"href":"https:\/\/wstronejutra.pl\/index.php\/wp-json\/wp\/v2\/pages\/175","targetHints":{"allow":["GET"]}}],"collection":[{"href":"https:\/\/wstronejutra.pl\/index.php\/wp-json\/wp\/v2\/pages"}],"about":[{"href":"https:\/\/wstronejutra.pl\/index.php\/wp-json\/wp\/v2\/types\/page"}],"author":[{"embeddable":true,"href":"https:\/\/wstronejutra.pl\/index.php\/wp-json\/wp\/v2\/users\/1"}],"replies":[{"embeddable":true,"href":"https:\/\/wstronejutra.pl\/index.php\/wp-json\/wp\/v2\/comments?post=175"}],"version-history":[{"count":16,"href":"https:\/\/wstronejutra.pl\/index.php\/wp-json\/wp\/v2\/pages\/175\/revisions"}],"predecessor-version":[{"id":404,"href":"https:\/\/wstronejutra.pl\/index.php\/wp-json\/wp\/v2\/pages\/175\/revisions\/404"}],"wp:attachment":[{"href":"https:\/\/wstronejutra.pl\/index.php\/wp-json\/wp\/v2\/media?parent=175"}],"curies":[{"name":"wp","href":"https:\/\/api.w.org\/{rel}","templated":true}]}}