{"id":232,"date":"2024-07-09T12:30:56","date_gmt":"2024-07-09T12:30:56","guid":{"rendered":"https:\/\/wstronejutra.pl\/?page_id=232"},"modified":"2024-08-07T14:33:44","modified_gmt":"2024-08-07T14:33:44","slug":"system-mieszkan","status":"publish","type":"page","link":"https:\/\/wstronejutra.pl\/index.php\/system-mieszkan\/","title":{"rendered":""},"content":{"rendered":"\n<section id=\"services\" class=\"wp-block-themeisle-blocks-advanced-columns alignfull has-1-columns has-desktop-equal-layout has-tablet-equal-layout has-mobile-equal-layout has-vertical-flex-start has-dark-bg\"><div class=\"wp-block-themeisle-blocks-advanced-columns-overlay\"><\/div><div class=\"innerblocks-wrap\">\n<div id=\"wp-block-themeisle-blocks-advanced-column-9642dc3f\" class=\"wp-block-themeisle-blocks-advanced-column\">\n<section id=\"wp-block-themeisle-blocks-advanced-columns-62d68e08\" class=\"wp-block-themeisle-blocks-advanced-columns has-1-columns has-desktop-equal-layout has-tablet-equal-layout has-mobile-equal-layout has-vertical-flex-start\"><div class=\"wp-block-themeisle-blocks-advanced-columns-overlay\"><\/div><div class=\"innerblocks-wrap\">\n<div id=\"wp-block-themeisle-blocks-advanced-column-ba020b38\" class=\"wp-block-themeisle-blocks-advanced-column\">\n<p id=\"wp-block-themeisle-blocks-advanced-heading-c4f1d6a7\" class=\"wp-block-themeisle-blocks-advanced-heading wp-block-themeisle-blocks-advanced-heading-c4f1d6a7\">SYSTEM MIESZKALNICTWA W RAMACH FUNDACJI W STRON\u0118 JUTRA<\/p>\n\n\n\n<h2 class=\"wp-block-heading has-text-align-center has-white-color has-text-color\">ROZWI\u0104ZANIA LOKALOWE<\/h2>\n\n\n\n<p class=\"has-text-align-left has-white-color has-text-color\">Zas\u00f3b mieszkaniowy, w kt\u00f3rym b\u0119d\u0105 tworzone mieszkania treningowe, a przede wszystkim mieszkania docelowe, b\u0119d\u0105 pochodzi\u0142y z r\u00f3\u017cnych \u017ar\u00f3de\u0142: <br>\u25b6\ufe0e mieszkania w\u0142asno\u015bciowe Podopiecznych fundacji, <br>\u25b6\ufe0e mieszkania pochodz\u0105ce z zasob\u00f3w rodzin,<br>\u25b6\ufe0e mieszkania stanowi\u0105ce zas\u00f3b Fundacji, otrzymane na podstawie darowizn, spadk\u00f3w, um\u00f3w do\u017cywocia, a tak\u017ce nabyte przez Fundacj\u0119,<br>\u25b6\ufe0e mieszkania pochodz\u0105ce z zasob\u00f3w miejskich &#8211; komunalne, TBS.<\/p>\n\n\n\n<div style=\"height:20px\" aria-hidden=\"true\" class=\"wp-block-spacer\"><\/div>\n<\/div>\n<\/div><\/section>\n\n\n\n<div style=\"height:20px\" aria-hidden=\"true\" class=\"wp-block-spacer\"><\/div>\n\n\n\n<section id=\"wp-block-themeisle-blocks-advanced-columns-c568fbc0\" class=\"wp-block-themeisle-blocks-advanced-columns has-3-columns has-desktop-equal-layout has-tablet-equal-layout has-mobile-collapsedRows-layout has-vertical-flex-start\"><div class=\"wp-block-themeisle-blocks-advanced-columns-overlay\"><\/div><div class=\"innerblocks-wrap\">\n<div id=\"wp-block-themeisle-blocks-advanced-column-645429cb\" class=\"wp-block-themeisle-blocks-advanced-column\">\n<h3 id=\"wp-block-themeisle-blocks-advanced-heading-21fcd68f\" class=\"wp-block-themeisle-blocks-advanced-heading wp-block-themeisle-blocks-advanced-heading-21fcd68f has-light-bg\"><strong>MIESZKANIA INDYWIDUALNE<\/strong><\/h3>\n\n\n\n<p class=\"has-text-align-center has-white-color has-text-color\">Osoby z niepe\u0142nosprawno\u015bci\u0105 mieszkaj\u0105 samodzielnie w lokalach b\u0119d\u0105cych w ich dyspozycji (w\u0142asnych lub najmowanych)<\/p>\n\n\n\n<div class=\"wp-block-buttons is-content-justification-center is-layout-flex wp-container-core-buttons-is-layout-a89b3969 wp-block-buttons-is-layout-flex\">\n<div class=\"wp-block-button has-custom-width wp-block-button__width-100 is-style-primary is-style-outline is-style-outline--1\"><a class=\"wp-block-button__link wp-element-button\" href=\"https:\/\/wstronejutra.pl\/index.php\/mieszkania-indywidualne\/\">Czytaj wi\u0119cej<\/a><\/div>\n<\/div>\n<\/div>\n\n\n\n<div id=\"wp-block-themeisle-blocks-advanced-column-46197171\" class=\"wp-block-themeisle-blocks-advanced-column\">\n<h3 id=\"wp-block-themeisle-blocks-advanced-heading-2ec6c5e2\" class=\"wp-block-themeisle-blocks-advanced-heading wp-block-themeisle-blocks-advanced-heading-2ec6c5e2 has-light-bg\"><strong>MIESZKANIA <br>GRUPOWE<\/strong><\/h3>\n\n\n\n<p class=\"has-text-align-center has-white-color has-text-color\">Mieszkania dla 2-5 os\u00f3b z niepe\u0142nosprawno\u015bci\u0105, kt\u00f3re wsp\u00f3lnie zamieszkuj\u0105, posiadaj\u0105c w\u0142asn\u0105 przestrze\u0144 (pok\u00f3j)<\/p>\n\n\n\n<div class=\"wp-block-buttons is-content-justification-center is-layout-flex wp-container-core-buttons-is-layout-a89b3969 wp-block-buttons-is-layout-flex\">\n<div class=\"wp-block-button has-custom-width wp-block-button__width-100 is-style-primary is-style-outline is-style-outline--2\"><a class=\"wp-block-button__link wp-element-button\" href=\"https:\/\/wstronejutra.pl\/index.php\/mieszkania-grupowe\/\">Czytaj wi\u0119cej<\/a><\/div>\n<\/div>\n<\/div>\n\n\n\n<div id=\"wp-block-themeisle-blocks-advanced-column-7465c66f\" class=\"wp-block-themeisle-blocks-advanced-column\">\n<h3 id=\"wp-block-themeisle-blocks-advanced-heading-24bf7e06\" class=\"wp-block-themeisle-blocks-advanced-heading wp-block-themeisle-blocks-advanced-heading-24bf7e06 has-light-bg\"><strong>ZESPO\u0141Y <br>MIESZKA\u0143<\/strong><\/h3>\n\n\n\n<p class=\"has-text-align-center has-white-color has-text-color\">Zesp\u00f3\u0142 4-8 mieszka\u0144 indywidualnych z przestrzeni\u0105 wsp\u00f3ln\u0105, usytuowanych w tym samym budynku <br>(klatce \/ pi\u0119trze)<\/p>\n\n\n\n<div class=\"wp-block-buttons is-content-justification-center is-layout-flex wp-container-core-buttons-is-layout-a89b3969 wp-block-buttons-is-layout-flex\">\n<div class=\"wp-block-button has-custom-width wp-block-button__width-100 is-style-primary is-style-outline is-style-outline--3\"><a class=\"wp-block-button__link wp-element-button\" href=\"https:\/\/wstronejutra.pl\/index.php\/zespol-mieszkan\/\">Czytaj wi\u0119cej<\/a><\/div>\n<\/div>\n<\/div>\n<\/div><\/section>\n<\/div>\n<\/div><\/section>\n\n\n\n<figure class=\"wp-block-image aligncenter size-large\"><img loading=\"lazy\" decoding=\"async\" width=\"1024\" height=\"1024\" src=\"http:\/\/wstronejutra.pl\/wp-content\/uploads\/2024\/04\/2-1-1024x1024.png\" alt=\"\" class=\"wp-image-341\" srcset=\"https:\/\/wstronejutra.pl\/wp-content\/uploads\/2024\/04\/2-1-1024x1024.png 1024w, https:\/\/wstronejutra.pl\/wp-content\/uploads\/2024\/04\/2-1-300x300.png 300w, https:\/\/wstronejutra.pl\/wp-content\/uploads\/2024\/04\/2-1-150x150.png 150w, https:\/\/wstronejutra.pl\/wp-content\/uploads\/2024\/04\/2-1-768x768.png 768w, https:\/\/wstronejutra.pl\/wp-content\/uploads\/2024\/04\/2-1.png 1080w\" sizes=\"auto, (max-width: 1024px) 100vw, 1024px\" \/><\/figure>\n","protected":false},"excerpt":{"rendered":"","protected":false},"author":1,"featured_media":0,"parent":0,"menu_order":0,"comment_status":"closed","ping_status":"closed","template":"","meta":{"_themeisle_gutenberg_block_has_review":false,"footnotes":""},"class_list":["post-232","page","type-page","status-publish","hentry"],"_links":{"self":[{"href":"https:\/\/wstronejutra.pl\/index.php\/wp-json\/wp\/v2\/pages\/232","targetHints":{"allow":["GET"]}}],"collection":[{"href":"https:\/\/wstronejutra.pl\/index.php\/wp-json\/wp\/v2\/pages"}],"about":[{"href":"https:\/\/wstronejutra.pl\/index.php\/wp-json\/wp\/v2\/types\/page"}],"author":[{"embeddable":true,"href":"https:\/\/wstronejutra.pl\/index.php\/wp-json\/wp\/v2\/users\/1"}],"replies":[{"embeddable":true,"href":"https:\/\/wstronejutra.pl\/index.php\/wp-json\/wp\/v2\/comments?post=232"}],"version-history":[{"count":7,"href":"https:\/\/wstronejutra.pl\/index.php\/wp-json\/wp\/v2\/pages\/232\/revisions"}],"predecessor-version":[{"id":478,"href":"https:\/\/wstronejutra.pl\/index.php\/wp-json\/wp\/v2\/pages\/232\/revisions\/478"}],"wp:attachment":[{"href":"https:\/\/wstronejutra.pl\/index.php\/wp-json\/wp\/v2\/media?parent=232"}],"curies":[{"name":"wp","href":"https:\/\/api.w.org\/{rel}","templated":true}]}}