{"id":421,"date":"2024-08-05T09:02:28","date_gmt":"2024-08-05T09:02:28","guid":{"rendered":"https:\/\/wstronejutra.pl\/?page_id=421"},"modified":"2024-08-05T09:02:28","modified_gmt":"2024-08-05T09:02:28","slug":"mieszkania-grupowe","status":"publish","type":"page","link":"https:\/\/wstronejutra.pl\/index.php\/mieszkania-grupowe\/","title":{"rendered":"Mieszkania grupowe"},"content":{"rendered":"\n<p class=\"has-text-color has-link-color wp-elements-d35fa9af5aeeaa0023798ebb33f904c1\" style=\"color:#223b3d;font-size:20px\">\u25b6\ufe0e To mieszkania b\u0119d\u0105ce (wsp\u00f3\u0142)w\u0142asno\u015bci\u0105 Os\u00f3b z Niepe\u0142nosprawno\u015bci\u0105 lub pochodz\u0105ce z zasob\u00f3w miejskich, przeznaczone dla kilku Podopiecznych Fundacji (od 2 do 5 os\u00f3b) wymagaj\u0105cych r\u00f3\u017cnego zakresu wsparcia. Ka\u017cda z os\u00f3b dysponuje w\u0142asnym pokojem, dodatkowo w ka\u017cdym mieszkaniu zapewniona jest przestrze\u0144 wsp\u00f3lna.<br>\u25b6\ufe0e Mieszkania wspomagane<br>\u23fa\ufe0e mieszkania aktualnie funkcjonuj\u0105ce w ramach projekt\u00f3w miejskich, podlegaj\u0105ce pod ustaw\u0119 o pomocy spo\u0142ecznej<br>\u23fa\ufe0e decyzja administracyjna &#8211; mo\u017cliwo\u015b\u0107 uzyskania decyzji bezterminowej<br>\u23fa\ufe0e wsparcia w ramach konkurs\u00f3w miejskich 3-5 letnich &#8211; wybierany jest operator mieszka\u0144 (\u015bwiadczenie us\u0142ug)<br>\u25b6\ufe0e Mieszkania w\u0142asno\u015bciowe<br>\u23fa\ufe0e mieszkania pochodz\u0105ce z zasob\u00f3w rodzin OzN lub zakupione wsp\u00f3lnie na rzecz utworzenia mieszkania docelowego<br>\u23fa\ufe0e w\u0142asno\u015b\u0107 Fundacji lub OzN<br>\u23fa\ufe0e prawo do lokalu &#8211; w\u0142asno\u015b\u0107 lub umowa najmu \/ u\u017cyczenia<br>\u25b6\ufe0e Mieszkania TBS<br>\u23fa\ufe0e partycypacja miasta LUB partycypacja rodzin OzN &#8211; za po\u015brednictwem Fundacji &#8211; partycypacja na poziomie 30% koszt\u00f3w inwestycyjnych<br>\u23fa\ufe0e mo\u017cliwo\u015b\u0107 dochodzenia do w\u0142asno\u015bci po spe\u0142nieniu odpowiednich warunk\u00f3w<br>\u23fa\ufe0e prawo do lokalu na zasadzie umowy tr\u00f3jstronnej: OzN &#8211; miasto &#8211; Fundacja<br>\u25b6\ufe0e Liczba os\u00f3b \/ cz\u0119stotliwo\u015b\u0107 wsparcia:<br>\u23fa\ufe0e dla os\u00f3b bardziej samodzielnych: 2 &#8211; 3 osoby\/mieszkanie, wsparcie 3 &#8211; 4 razy w tygodniu.<br>\u23fa\ufe0e dla os\u00f3b wymagaj\u0105cych wi\u0119kszego wsparcia: 3-5 os\u00f3b\/mieszkanie, wsparcie w godzinach 16:00-08:00 + weekendy\/\u015bwi\u0119ta &#8211; do 24h\/dob\u0119<br>\u25b6\ufe0e Mieszka\u0144cy ponosz\u0105 koszty utrzymania lokalu (czynsz, op\u0142aty itp.) oraz utrzymania w\u0142asnego<br>\u25b6\ufe0e Potencjalne \u017ar\u00f3d\u0142a finansowania wsparcia:<br>\u23fa\ufe0e Wsp\u00f3\u0142finansowanie us\u0142ugi wsparcia przez OzN<br>\u23fa\ufe0e <strong>Dofinansowanie samorz\u0105du &#8211; projekt miejski.<\/strong><br>\u23fa\ufe0e Program Asystent osobisty OzN<\/p>\n","protected":false},"excerpt":{"rendered":"<p>\u25b6\ufe0e To mieszkania b\u0119d\u0105ce (wsp\u00f3\u0142)w\u0142asno\u015bci\u0105 Os\u00f3b z Niepe\u0142nosprawno\u015bci\u0105 lub pochodz\u0105ce z zasob\u00f3w miejskich, przeznaczone dla kilku Podopiecznych Fundacji (od 2 do 5 os\u00f3b) wymagaj\u0105cych r\u00f3\u017cnego zakresu wsparcia. Ka\u017cda z os\u00f3b dysponuje w\u0142asnym pokojem, dodatkowo w ka\u017cdym mieszkaniu zapewniona jest przestrze\u0144 wsp\u00f3lna.\u25b6\ufe0e Mieszkania wspomagane\u23fa\ufe0e mieszkania aktualnie funkcjonuj\u0105ce w ramach projekt\u00f3w miejskich, podlegaj\u0105ce pod ustaw\u0119 o pomocy [&hellip;]<\/p>\n","protected":false},"author":1,"featured_media":0,"parent":0,"menu_order":0,"comment_status":"closed","ping_status":"closed","template":"","meta":{"_themeisle_gutenberg_block_has_review":false,"footnotes":""},"class_list":["post-421","page","type-page","status-publish","hentry"],"_links":{"self":[{"href":"https:\/\/wstronejutra.pl\/index.php\/wp-json\/wp\/v2\/pages\/421","targetHints":{"allow":["GET"]}}],"collection":[{"href":"https:\/\/wstronejutra.pl\/index.php\/wp-json\/wp\/v2\/pages"}],"about":[{"href":"https:\/\/wstronejutra.pl\/index.php\/wp-json\/wp\/v2\/types\/page"}],"author":[{"embeddable":true,"href":"https:\/\/wstronejutra.pl\/index.php\/wp-json\/wp\/v2\/users\/1"}],"replies":[{"embeddable":true,"href":"https:\/\/wstronejutra.pl\/index.php\/wp-json\/wp\/v2\/comments?post=421"}],"version-history":[{"count":1,"href":"https:\/\/wstronejutra.pl\/index.php\/wp-json\/wp\/v2\/pages\/421\/revisions"}],"predecessor-version":[{"id":423,"href":"https:\/\/wstronejutra.pl\/index.php\/wp-json\/wp\/v2\/pages\/421\/revisions\/423"}],"wp:attachment":[{"href":"https:\/\/wstronejutra.pl\/index.php\/wp-json\/wp\/v2\/media?parent=421"}],"curies":[{"name":"wp","href":"https:\/\/api.w.org\/{rel}","templated":true}]}}