{"id":440,"date":"2024-08-05T13:49:53","date_gmt":"2024-08-05T13:49:53","guid":{"rendered":"https:\/\/wstronejutra.pl\/?page_id=440"},"modified":"2024-08-07T14:30:59","modified_gmt":"2024-08-07T14:30:59","slug":"wsparcie","status":"publish","type":"page","link":"https:\/\/wstronejutra.pl\/index.php\/wsparcie\/","title":{"rendered":""},"content":{"rendered":"\n<section id=\"wp-block-themeisle-blocks-advanced-columns-335a2f03\" class=\"wp-block-themeisle-blocks-advanced-columns alignfull has-1-columns has-desktop-equal-layout has-tablet-equal-layout has-mobile-equal-layout has-vertical-flex-start\"><div class=\"wp-block-themeisle-blocks-advanced-columns-overlay\"><\/div><div class=\"innerblocks-wrap\">\n<div id=\"wp-block-themeisle-blocks-advanced-column-5d90343f\" class=\"wp-block-themeisle-blocks-advanced-column\">\n<section id=\"wp-block-themeisle-blocks-advanced-columns-b2ead1d6\" class=\"wp-block-themeisle-blocks-advanced-columns has-2-columns has-desktop-equal-layout has-tablet-equal-layout has-mobile-collapsedRows-layout has-vertical-center\"><div class=\"wp-block-themeisle-blocks-advanced-columns-overlay\"><\/div><div class=\"innerblocks-wrap\">\n<div id=\"wp-block-themeisle-blocks-advanced-column-7c705a1c\" class=\"wp-block-themeisle-blocks-advanced-column\">\n<div id=\"wp-block-themeisle-blocks-advanced-heading-ea5e7576\" class=\"wp-block-themeisle-blocks-advanced-heading wp-block-themeisle-blocks-advanced-heading-ea5e7576\"><strong>WSPARCIE SZYTE NA MIAR\u0118<\/strong><\/div>\n\n\n\n<h2 class=\"wp-block-heading has-large-font-size\">W jaki spos\u00f3b okre\u015bli\u0107 wsparcie, jakie otrzymuj\u0105 Osoby z niepe\u0142nosprawno\u015bci\u0105 &#8211; Podopieczni fundacji? Najlepszym okre\u015bleniem jest &#8220;<strong>wsparcie uszyte na miar\u0119<\/strong>&#8220;.<\/h2>\n\n\n\n<p class=\"has-text-color has-link-color has-medium-font-size wp-elements-73f9b38ef30b35032a818ac2d47ea019\" style=\"color:#223b3d\">Ka\u017cda z os\u00f3b otrzymuje wsparcie dok\u0142adnie takie, jakiego potrzebuje, aby umo\u017cliwi\u0107 jej samodzielne (na miar\u0119 psychofizycznych mo\u017cliwo\u015bci) funkcjonowanie codzienne, w tym samoobs\u0142ugowe czy w \u017cyciu spo\u0142ecznym, z uwzgl\u0119dnieniem praw, samostanowienia oraz autonomii OzN.<\/p>\n<\/div>\n\n\n\n<div id=\"wp-block-themeisle-blocks-advanced-column-5f9a9ec0\" class=\"wp-block-themeisle-blocks-advanced-column\">\n<figure class=\"wp-block-image size-full\"><img loading=\"lazy\" decoding=\"async\" width=\"1080\" height=\"1080\" src=\"http:\/\/wstronejutra.pl\/wp-content\/uploads\/2024\/04\/3-1.png\" alt=\"\" class=\"wp-image-342\" srcset=\"https:\/\/wstronejutra.pl\/wp-content\/uploads\/2024\/04\/3-1.png 1080w, https:\/\/wstronejutra.pl\/wp-content\/uploads\/2024\/04\/3-1-300x300.png 300w, https:\/\/wstronejutra.pl\/wp-content\/uploads\/2024\/04\/3-1-1024x1024.png 1024w, https:\/\/wstronejutra.pl\/wp-content\/uploads\/2024\/04\/3-1-150x150.png 150w, https:\/\/wstronejutra.pl\/wp-content\/uploads\/2024\/04\/3-1-768x768.png 768w\" sizes=\"auto, (max-width: 1080px) 100vw, 1080px\" \/><\/figure>\n<\/div>\n<\/div><\/section>\n\n\n\n<section id=\"wp-block-themeisle-blocks-advanced-columns-8e7cc7ae\" class=\"wp-block-themeisle-blocks-advanced-columns has-3-columns has-desktop-equal-layout has-tablet-equal-layout has-mobile-collapsedRows-layout has-vertical-flex-start\"><div class=\"wp-block-themeisle-blocks-advanced-columns-overlay\"><\/div><div class=\"innerblocks-wrap\">\n<div id=\"wp-block-themeisle-blocks-advanced-column-725f10a7\" class=\"wp-block-themeisle-blocks-advanced-column\">\n<h3 class=\"wp-block-heading has-text-align-left\">TRENER \/ ASYSTENT USAMODZIELNIANIA<\/h3>\n\n\n\n<p class=\"has-text-align-left has-text-color has-link-color wp-elements-25e95104a474ecf3a17ff390b8d83128\" style=\"color:#223b3d;font-size:20px\">Kluczowa osoba w zespole, realizuje bezpo\u015brednie wsparcie OzN w codziennym funkcjonowaniu w zakresie dostosowanym do jej potrzeb i mo\u017cliwo\u015bci. <br>Trener \/ asystent jest odpowiedzialny m.in. za wsparcie:<br>\u2714\ufe0e prowadzenie trening\u00f3w,<br>\u2714\ufe0e w sprawach urz\u0119dowych, zdrowotnych, osobistych,<br>\u2714\ufe0e w budowaniu wi\u0119zi ze spo\u0142eczno\u015bci\u0105 lokaln\u0105,<br>\u2714\ufe0e rozwijaniu zainteresowa\u0144, pasji.<\/p>\n<\/div>\n\n\n\n<div id=\"wp-block-themeisle-blocks-advanced-column-3c67f726\" class=\"wp-block-themeisle-blocks-advanced-column\">\n<h3 class=\"wp-block-heading has-text-align-left\">PSYCHOLOG<br><\/h3>\n\n\n\n<p class=\"has-text-align-left has-text-color has-link-color wp-elements-15d0adf2af6b8619bdfdde4d711b41ab\" style=\"color:#223b3d;font-size:20px\">Wsparcie grupowe oraz indywidualne  we wszystkich typach mieszka\u0144:<br>\u2714\ufe0e rozwi\u0105zywanie r\u00f3\u017cnorodnych trudno\u015bci \u017cyciowych,<br>\u2714\ufe0e budowanie spo\u0142eczno\u015bci mieszka\u0144c\u00f3w,<br>\u2714\ufe0e radzenie sobie z emocjami, w tym po utracie bliskich,<br>\u2714\ufe0e wsparcie w rozwi\u0105zywaniu konflikt\u00f3w mieszkaniowych,<br>\u2714\ufe0e poradnictwo psychologiczne.<\/p>\n<\/div>\n\n\n\n<div id=\"wp-block-themeisle-blocks-advanced-column-4956dbc0\" class=\"wp-block-themeisle-blocks-advanced-column\">\n<h3 class=\"wp-block-heading has-text-align-left\">KOORDYNATOR<br><\/h3>\n\n\n\n<p class=\"has-text-align-left has-text-color has-link-color wp-elements-2c014342cb3e7376b5fa9eec0f3e5745\" style=\"color:#223b3d;font-size:20px\">Osoba odpowiedzialna za formalne (administracyjne, kadrowe, w perspektywie &#8211; tak\u017ce projektowe) aspekty funkcjonowania mieszka\u0144, a tak\u017ce za:<br>\u2714\ufe0e koordynacj\u0119 dzia\u0142a\u0144 r\u00f3\u017cnych podmiot\u00f3w na rzecz OzN, m.in. OPS, o\u015brodk\u00f3w wsparcia, o\u015brodk\u00f3w zdrowia, trener\u00f3w pracy itp.<br>\u2714\ufe0e nadz\u00f3r merytoryczny nad pracownikami<br>\u2714\ufe0e kontakt z cz\u0142onkami rodzin \/ osobami wspieraj\u0105cymi OzN<br>\u2714\ufe0e perspektywistyczne planowanie, razem z OzN, najwa\u017cniejszych dzia\u0142a\u0144 go\/j\u0105 dotycz\u0105cych<\/p>\n<\/div>\n<\/div><\/section>\n<\/div>\n<\/div><\/section>\n\n\n\n<!--nextpage-->\n\n\n\n<p><\/p>\n","protected":false},"excerpt":{"rendered":"","protected":false},"author":1,"featured_media":0,"parent":0,"menu_order":0,"comment_status":"closed","ping_status":"closed","template":"","meta":{"_themeisle_gutenberg_block_has_review":false,"footnotes":""},"class_list":["post-440","page","type-page","status-publish","hentry"],"_links":{"self":[{"href":"https:\/\/wstronejutra.pl\/index.php\/wp-json\/wp\/v2\/pages\/440","targetHints":{"allow":["GET"]}}],"collection":[{"href":"https:\/\/wstronejutra.pl\/index.php\/wp-json\/wp\/v2\/pages"}],"about":[{"href":"https:\/\/wstronejutra.pl\/index.php\/wp-json\/wp\/v2\/types\/page"}],"author":[{"embeddable":true,"href":"https:\/\/wstronejutra.pl\/index.php\/wp-json\/wp\/v2\/users\/1"}],"replies":[{"embeddable":true,"href":"https:\/\/wstronejutra.pl\/index.php\/wp-json\/wp\/v2\/comments?post=440"}],"version-history":[{"count":6,"href":"https:\/\/wstronejutra.pl\/index.php\/wp-json\/wp\/v2\/pages\/440\/revisions"}],"predecessor-version":[{"id":476,"href":"https:\/\/wstronejutra.pl\/index.php\/wp-json\/wp\/v2\/pages\/440\/revisions\/476"}],"wp:attachment":[{"href":"https:\/\/wstronejutra.pl\/index.php\/wp-json\/wp\/v2\/media?parent=440"}],"curies":[{"name":"wp","href":"https:\/\/api.w.org\/{rel}","templated":true}]}}