{"id":71,"date":"2024-04-12T08:01:57","date_gmt":"2024-04-12T08:01:57","guid":{"rendered":"https:\/\/wstronejutra.pl\/?page_id=71"},"modified":"2024-08-06T11:30:46","modified_gmt":"2024-08-06T11:30:46","slug":"cele-i-misja","status":"publish","type":"page","link":"https:\/\/wstronejutra.pl\/index.php\/cele-i-misja\/","title":{"rendered":"CELE I MISJA"},"content":{"rendered":"\n<blockquote class=\"wp-block-quote is-layout-flow wp-block-quote-is-layout-flow\">\n<p class=\"has-text-color has-link-color wp-elements-1255443788731d2c44f8b1447f208dd0\" style=\"color:#223b3d;font-size:20px\"><strong>Misj\u0105 Fundacji jest stworzenie mieszkalnictwa zintegrowanego z systemem us\u0142ug \u2013 mieszka\u0144 treningowych i docelowych dla os\u00f3b z niepe\u0142nosprawno\u015bciami (OzN), z kt\u00f3rych b\u0119d\u0105 mog\u0142y one skorzysta\u0107 w dowolnym momencie<\/strong>, tj. gdy:<br> \u27a1\ufe0e OzN b\u0119d\u0105 gotowe do zamieszkania poza domem rodzinnym,<br>\u27a1\ufe0e rodzice \/opiekunowie nie b\u0119d\u0105 w stanie dalej wspiera\u0107 OzN w codziennym \u017cyciu,<br>\u27a1\ufe0e po \u015bmierci rodzic\u00f3w \/ opiekun\u00f3w OzN.<br><strong>Ka\u017cda z os\u00f3b z niepe\u0142nosprawno\u015bci\u0105 otrzyma wsparcie \u2013 pod wzgl\u0119dem rodzaju i zakresu zgodnych z jej potrzebami, z zachowaniem prawa do samostanowienia, podmiotowo\u015bci i autonomii.<\/strong><\/p>\n\n\n\n<p><\/p>\n<\/blockquote>\n\n\n\n<div id=\"wp-block-themeisle-blocks-advanced-columns-b4146d26\" class=\"wp-block-themeisle-blocks-advanced-columns alignfull has-3-columns has-desktop-equal-layout has-tablet-equal-layout has-mobile-collapsedRows-layout has-vertical-center ticss-c00aadba\"><div class=\"wp-block-themeisle-blocks-advanced-columns-overlay\"><\/div><div class=\"innerblocks-wrap\">\n<div id=\"wp-block-themeisle-blocks-advanced-column-18fe4a0a\" class=\"wp-block-themeisle-blocks-advanced-column has-light-bg\">\n<h3 id=\"wp-block-themeisle-blocks-advanced-heading-788243ec\" class=\"wp-block-themeisle-blocks-advanced-heading wp-block-themeisle-blocks-advanced-heading-788243ec has-light-bg\"><strong>1<\/strong><\/h3>\n\n\n\n<hr class=\"wp-block-separator has-text-color has-alpha-channel-opacity has-background is-style-wide\" style=\"background-color:#26777d;color:#26777d\"\/>\n\n\n\n<p class=\"has-text-align-left has-text-color has-link-color wp-elements-6003bd61b6905df18668f232611f19fb\" style=\"color:#223b3d;font-size:20px\">Organizowanie (zakup, adaptacja, budowa) r\u00f3\u017cnych form mieszkalnictwa ze wsparciem: mieszka\u0144 treningowych, wspomaganych indywidualnych i grupowych, zespo\u0142\u00f3w mieszkaniowych, ma\u0142ych dom\u00f3w, w celu zaspokojenia potrzeb r\u00f3\u017cnych grup OzN &#8211; cz\u0142onk\u00f3w Fundacji<\/p>\n<\/div>\n\n\n\n<div id=\"wp-block-themeisle-blocks-advanced-column-b86925fa\" class=\"wp-block-themeisle-blocks-advanced-column has-light-bg\">\n<h3 id=\"wp-block-themeisle-blocks-advanced-heading-77194bee\" class=\"wp-block-themeisle-blocks-advanced-heading wp-block-themeisle-blocks-advanced-heading-77194bee\"><strong>2<\/strong><\/h3>\n\n\n\n<hr class=\"wp-block-separator has-text-color has-alpha-channel-opacity has-background is-style-wide\" style=\"background-color:#26777d;color:#26777d\"\/>\n\n\n\n<p class=\"has-text-align-left has-text-color has-link-color wp-elements-75113033bda137ef91afc52ca874a961\" style=\"color:#223b3d;font-size:20px\">Aktywne zarz\u0105dzanie maj\u0105tkiem (zasobami finansowymi i materialnymi) rodzin OzN, oddanym do dyspozycji Fundacji na mocy stosownych zg\u00f3d i upowa\u017cnie\u0144 &#8211; w celu realizacji zada\u0144 i pomna\u017cania zasob\u00f3w maj\u0105tkowych (np. wynajem cz\u0119\u015bci zasob\u00f3w mieszkaniowych).<\/p>\n<\/div>\n\n\n\n<div id=\"wp-block-themeisle-blocks-advanced-column-d194c3b0\" class=\"wp-block-themeisle-blocks-advanced-column has-light-bg\">\n<h3 id=\"wp-block-themeisle-blocks-advanced-heading-9d66dcad\" class=\"wp-block-themeisle-blocks-advanced-heading wp-block-themeisle-blocks-advanced-heading-9d66dcad\"><strong>3<\/strong><\/h3>\n\n\n\n<hr class=\"wp-block-separator has-text-color has-alpha-channel-opacity has-background is-style-wide\" style=\"background-color:#26777d;color:#26777d\"\/>\n\n\n\n<p class=\"has-text-align-left has-text-color has-link-color wp-elements-47a93247b2e83da3db90a67b49b1696c\" style=\"color:#223b3d;font-size:20px\">Promocja dzia\u0142alno\u015bci Fundacji w celu pozyskiwania partner\u00f3w merytorycznych i finansowych dla realizowanych przedsi\u0119wzi\u0119\u0107 i inwestycji.<\/p>\n<\/div>\n<\/div><\/div>\n\n\n\n<div id=\"wp-block-themeisle-blocks-advanced-columns-a5477e2a\" class=\"wp-block-themeisle-blocks-advanced-columns alignfull has-3-columns has-desktop-equal-layout has-tablet-equal-layout has-mobile-collapsedRows-layout has-vertical-center ticss-c00aadba\"><div class=\"wp-block-themeisle-blocks-advanced-columns-overlay\"><\/div><div class=\"innerblocks-wrap\">\n<div id=\"wp-block-themeisle-blocks-advanced-column-3f76dece\" class=\"wp-block-themeisle-blocks-advanced-column\">\n<h3 id=\"wp-block-themeisle-blocks-advanced-heading-db2c9c1a\" class=\"wp-block-themeisle-blocks-advanced-heading wp-block-themeisle-blocks-advanced-heading-db2c9c1a\"><strong>4<\/strong><\/h3>\n\n\n\n<hr class=\"wp-block-separator has-text-color has-alpha-channel-opacity has-background is-style-wide\" style=\"background-color:#26777d;color:#26777d\"\/>\n\n\n\n<p class=\"has-text-align-left has-text-color has-link-color wp-elements-10f10c9e31b990608f2141862e628421\" style=\"color:#223b3d;font-size:20px\">Zaanga\u017cowanie w dzia\u0142ania podmiot\u00f3w spo\u0142ecznych typu Bran\u017cowa Komisja Dialogu Spo\u0142ecznego ds. Os\u00f3b z Niepe\u0142nosprawno\u015bciami, Forum Dialogu Spo\u0142ecznego i inne, w celu wprowadzenia rozwi\u0105za\u0144 umo\u017cliwiaj\u0105cych pozyskiwanie finansowania systemu us\u0142ug ze \u015brodk\u00f3w publicznych (samorz\u0105dowych i rz\u0105dowych) w prywatnych mieszkaniach \/domach ze wsparciem, b\u0119d\u0105cych m.in. w\u0142asno\u015bci\u0105 Fundacji.<\/p>\n<\/div>\n\n\n\n<div id=\"wp-block-themeisle-blocks-advanced-column-90100200\" class=\"wp-block-themeisle-blocks-advanced-column has-light-bg\">\n<h3 id=\"wp-block-themeisle-blocks-advanced-heading-98cc33ed\" class=\"wp-block-themeisle-blocks-advanced-heading wp-block-themeisle-blocks-advanced-heading-98cc33ed\"><strong>5<\/strong><\/h3>\n\n\n\n<hr class=\"wp-block-separator has-text-color has-alpha-channel-opacity has-background is-style-wide\" style=\"background-color:#26777d;color:#26777d\"\/>\n\n\n\n<p class=\"has-text-align-left has-text-color has-link-color wp-elements-c2189572dc80bc14059d1a7832faae41\" style=\"color:#223b3d;font-size:20px\">Organizowanie r\u00f3\u017cnych form wsp\u00f3\u0142pracy z rodzinami podopiecznych Fundacji, w celu: zawierania stosownych um\u00f3w, reguluj\u0105cych zasady tej wsp\u00f3\u0142pracy, tworzenia i uaktualniania Indywidualnych Plan\u00f3w Zabezpieczenia Prawno &#8211; Finansowego, wypracowywania najkorzystniejszych rozwi\u0105za\u0144 mieszkaniowych i us\u0142ugowych dla ich dzieci.<\/p>\n<\/div>\n\n\n\n<div id=\"wp-block-themeisle-blocks-advanced-column-ae673106\" class=\"wp-block-themeisle-blocks-advanced-column\">\n<h3 id=\"wp-block-themeisle-blocks-advanced-heading-bba24597\" class=\"wp-block-themeisle-blocks-advanced-heading wp-block-themeisle-blocks-advanced-heading-bba24597 has-light-bg\"><strong>6<\/strong><\/h3>\n\n\n\n<hr class=\"wp-block-separator has-text-color has-alpha-channel-opacity has-background is-style-wide\" style=\"background-color:#26777d;color:#26777d\"\/>\n\n\n\n<p class=\"has-text-align-left has-text-color has-link-color wp-elements-548a584ad5cf823c200793e98acda7bb\" style=\"color:#223b3d;font-size:20px\">Inicjowanie i realizowanie przedsi\u0119wzi\u0119\u0107 na rzecz OzN wymagaj\u0105cych wsparcia, maj\u0105cych lobbowa\u0107 korzystne rozwi\u0105zania organizacyjne i legislacyjne na rzecz rozwoju r\u00f3\u017cnych form mieszkalnictwa ze wsparciem, w \u015brodowiskach rz\u0105dowym, samorz\u0105dowym, pozarz\u0105dowym.<\/p>\n<\/div>\n<\/div><\/div>\n","protected":false},"excerpt":{"rendered":"<p>Misj\u0105 Fundacji jest stworzenie mieszkalnictwa zintegrowanego z systemem us\u0142ug \u2013 mieszka\u0144 treningowych i docelowych dla os\u00f3b z niepe\u0142nosprawno\u015bciami (OzN), z kt\u00f3rych b\u0119d\u0105 mog\u0142y one skorzysta\u0107 w dowolnym momencie, tj. gdy: \u27a1\ufe0e OzN b\u0119d\u0105 gotowe do zamieszkania poza domem rodzinnym,\u27a1\ufe0e rodzice \/opiekunowie nie b\u0119d\u0105 w stanie dalej wspiera\u0107 OzN w codziennym \u017cyciu,\u27a1\ufe0e po \u015bmierci rodzic\u00f3w \/ [&hellip;]<\/p>\n","protected":false},"author":1,"featured_media":0,"parent":0,"menu_order":0,"comment_status":"closed","ping_status":"closed","template":"","meta":{"_themeisle_gutenberg_block_has_review":false,"footnotes":""},"class_list":["post-71","page","type-page","status-publish","hentry"],"_links":{"self":[{"href":"https:\/\/wstronejutra.pl\/index.php\/wp-json\/wp\/v2\/pages\/71","targetHints":{"allow":["GET"]}}],"collection":[{"href":"https:\/\/wstronejutra.pl\/index.php\/wp-json\/wp\/v2\/pages"}],"about":[{"href":"https:\/\/wstronejutra.pl\/index.php\/wp-json\/wp\/v2\/types\/page"}],"author":[{"embeddable":true,"href":"https:\/\/wstronejutra.pl\/index.php\/wp-json\/wp\/v2\/users\/1"}],"replies":[{"embeddable":true,"href":"https:\/\/wstronejutra.pl\/index.php\/wp-json\/wp\/v2\/comments?post=71"}],"version-history":[{"count":29,"href":"https:\/\/wstronejutra.pl\/index.php\/wp-json\/wp\/v2\/pages\/71\/revisions"}],"predecessor-version":[{"id":462,"href":"https:\/\/wstronejutra.pl\/index.php\/wp-json\/wp\/v2\/pages\/71\/revisions\/462"}],"wp:attachment":[{"href":"https:\/\/wstronejutra.pl\/index.php\/wp-json\/wp\/v2\/media?parent=71"}],"curies":[{"name":"wp","href":"https:\/\/api.w.org\/{rel}","templated":true}]}}